{"id":10,"date":"2016-02-24T18:36:10","date_gmt":"2016-02-24T17:36:10","guid":{"rendered":"http:\/\/thorsten-apelt.de\/?page_id=10"},"modified":"2025-12-06T14:07:06","modified_gmt":"2025-12-06T13:07:06","slug":"home","status":"publish","type":"page","link":"https:\/\/val-sainte-marie.eu\/fr\/","title":{"rendered":"Home"},"content":{"rendered":"<div data-elementor-type=\"wp-page\" data-elementor-id=\"10\" class=\"elementor elementor-10\">\n\t\t\t\t\t\t<section class=\"elementor-section elementor-top-section elementor-element elementor-element-3c3536fc elementor-section-boxed elementor-section-height-default elementor-section-height-default\" data-id=\"3c3536fc\" data-element_type=\"section\" data-e-type=\"section\">\n\t\t\t\t\t\t<div class=\"elementor-container elementor-column-gap-default\">\n\t\t\t\t\t<div class=\"elementor-column elementor-col-100 elementor-top-column elementor-element elementor-element-55fd714e\" data-id=\"55fd714e\" data-element_type=\"column\" data-e-type=\"column\">\n\t\t\t<div class=\"elementor-widget-wrap elementor-element-populated\">\n\t\t\t\t\t\t<div class=\"elementor-element elementor-element-b7c1a02 elementor-widget elementor-widget-image\" data-id=\"b7c1a02\" data-element_type=\"widget\" data-e-type=\"widget\" data-widget_type=\"image.default\">\n\t\t\t\t<div class=\"elementor-widget-container\">\n\t\t\t\t\t\t\t\t\t\t\t\t\t\t\t<img fetchpriority=\"high\" decoding=\"async\" width=\"1024\" height=\"332\" src=\"https:\/\/i0.wp.com\/val-sainte-marie.eu\/wp-content\/uploads\/2017\/12\/HeaderVal.jpeg?fit=1024%2C332&amp;ssl=1\" class=\"attachment-large size-large wp-image-277\" alt=\"\" srcset=\"https:\/\/i0.wp.com\/val-sainte-marie.eu\/wp-content\/uploads\/2017\/12\/HeaderVal.jpeg?w=1280&amp;ssl=1 1280w, https:\/\/i0.wp.com\/val-sainte-marie.eu\/wp-content\/uploads\/2017\/12\/HeaderVal.jpeg?resize=300%2C97&amp;ssl=1 300w, https:\/\/i0.wp.com\/val-sainte-marie.eu\/wp-content\/uploads\/2017\/12\/HeaderVal.jpeg?resize=768%2C249&amp;ssl=1 768w, https:\/\/i0.wp.com\/val-sainte-marie.eu\/wp-content\/uploads\/2017\/12\/HeaderVal.jpeg?resize=1024%2C332&amp;ssl=1 1024w, https:\/\/i0.wp.com\/val-sainte-marie.eu\/wp-content\/uploads\/2017\/12\/HeaderVal.jpeg?resize=676%2C219&amp;ssl=1 676w\" sizes=\"(max-width: 1024px) 100vw, 1024px\" \/>\t\t\t\t\t\t\t\t\t\t\t\t\t\t\t<\/div>\n\t\t\t\t<\/div>\n\t\t\t\t<div class=\"elementor-element elementor-element-46a1afd8 elementor-widget elementor-widget-text-editor\" data-id=\"46a1afd8\" data-element_type=\"widget\" data-e-type=\"widget\" data-widget_type=\"text-editor.default\">\n\t\t\t\t<div class=\"elementor-widget-container\">\n\t\t\t\t\t\t\t\t\t<p>Auf diesen Seiten stellt der Verein \u201eRencontres e.V.\u201c sich und seine Ferienkolonie \u201eVal-Sainte-Marie\u201c vor.<br><span style=\"font-size: 16px; font-family: var( --e-global-typography-text-font-family ), Sans-serif; background-color: var(--ast-global-color-5);\"><br>Die ehemalige Herberge eines Trappistenklosters liegt abgeschieden und idyllisch im Osten Frankreichs, in der Franche-Comt\u00e9, ca. 30 km s\u00fcdlich von Besan\u00e7on.<br><\/span><span style=\"font-size: 16px; font-family: var( --e-global-typography-text-font-family ), Sans-serif; background-color: var(--ast-global-color-5);\"><br>Das au\u00dfergew\u00f6hnliche Haus ist geeignet f\u00fcr Familien- und Freundeskreise, Sportfreizeiten, Klassen- und Studienfahrten und f\u00fcr begeisterte Frankreichurlauber, die sich gerne abseits der gro\u00dfen St\u00e4dte in der Natur erholen m\u00f6chten.<\/span><\/p>\t\t\t\t\t\t\t\t<\/div>\n\t\t\t\t<\/div>\n\t\t\t\t\t<\/div>\n\t\t<\/div>\n\t\t\t\t\t<\/div>\n\t\t<\/section>\n\t\t\t\t<\/div>","protected":false},"excerpt":{"rendered":"<p>Auf diesen Seiten stellt der Verein \u201eRencontres e.V.\u201c sich und seine Ferienkolonie \u201eVal-Sainte-Marie\u201c vor. Die ehemalige Herberge eines Trappistenklosters liegt abgeschieden und idyllisch im Osten Frankreichs, in der Franche-Comt\u00e9, ca. 30 km s\u00fcdlich von Besan\u00e7on. Das au\u00dfergew\u00f6hnliche Haus ist geeignet f\u00fcr Familien- und Freundeskreise, Sportfreizeiten, Klassen- und Studienfahrten und f\u00fcr begeisterte Frankreichurlauber, die sich gerne [&hellip;]<\/p>\n","protected":false},"author":1,"featured_media":0,"parent":0,"menu_order":0,"comment_status":"closed","ping_status":"closed","template":"","meta":{"site-sidebar-layout":"default","site-content-layout":"default","ast-site-content-layout":"default","site-content-style":"default","site-sidebar-style":"default","ast-global-header-display":"","ast-banner-title-visibility":"","ast-main-header-display":"","ast-hfb-above-header-display":"","ast-hfb-below-header-display":"","ast-hfb-mobile-header-display":"","site-post-title":"","ast-breadcrumbs-content":"","ast-featured-img":"","footer-sml-layout":"","ast-disable-related-posts":"","theme-transparent-header-meta":"default","adv-header-id-meta":"","stick-header-meta":"","header-above-stick-meta":"","header-main-stick-meta":"","header-below-stick-meta":"","astra-migrate-meta-layouts":"default","ast-page-background-enabled":"default","ast-page-background-meta":{"desktop":{"background-color":"","background-image":"","background-repeat":"repeat","background-position":"center center","background-size":"auto","background-attachment":"scroll","background-type":"","background-media":"","overlay-type":"","overlay-color":"","overlay-opacity":"","overlay-gradient":""},"tablet":{"background-color":"","background-image":"","background-repeat":"repeat","background-position":"center center","background-size":"auto","background-attachment":"scroll","background-type":"","background-media":"","overlay-type":"","overlay-color":"","overlay-opacity":"","overlay-gradient":""},"mobile":{"background-color":"","background-image":"","background-repeat":"repeat","background-position":"center center","background-size":"auto","background-attachment":"scroll","background-type":"","background-media":"","overlay-type":"","overlay-color":"","overlay-opacity":"","overlay-gradient":""}},"ast-content-background-meta":{"desktop":{"background-color":"var(--ast-global-color-5)","background-image":"","background-repeat":"repeat","background-position":"center center","background-size":"auto","background-attachment":"scroll","background-type":"","background-media":"","overlay-type":"","overlay-color":"","overlay-opacity":"","overlay-gradient":""},"tablet":{"background-color":"var(--ast-global-color-5)","background-image":"","background-repeat":"repeat","background-position":"center center","background-size":"auto","background-attachment":"scroll","background-type":"","background-media":"","overlay-type":"","overlay-color":"","overlay-opacity":"","overlay-gradient":""},"mobile":{"background-color":"var(--ast-global-color-5)","background-image":"","background-repeat":"repeat","background-position":"center center","background-size":"auto","background-attachment":"scroll","background-type":"","background-media":"","overlay-type":"","overlay-color":"","overlay-opacity":"","overlay-gradient":""}},"two_page_speed":null,"footnotes":""},"class_list":["post-10","page","type-page","status-publish","hentry"],"jetpack_sharing_enabled":true,"_links":{"self":[{"href":"https:\/\/val-sainte-marie.eu\/fr\/wp-json\/wp\/v2\/pages\/10","targetHints":{"allow":["GET"]}}],"collection":[{"href":"https:\/\/val-sainte-marie.eu\/fr\/wp-json\/wp\/v2\/pages"}],"about":[{"href":"https:\/\/val-sainte-marie.eu\/fr\/wp-json\/wp\/v2\/types\/page"}],"author":[{"embeddable":true,"href":"https:\/\/val-sainte-marie.eu\/fr\/wp-json\/wp\/v2\/users\/1"}],"replies":[{"embeddable":true,"href":"https:\/\/val-sainte-marie.eu\/fr\/wp-json\/wp\/v2\/comments?post=10"}],"version-history":[{"count":2,"href":"https:\/\/val-sainte-marie.eu\/fr\/wp-json\/wp\/v2\/pages\/10\/revisions"}],"predecessor-version":[{"id":889,"href":"https:\/\/val-sainte-marie.eu\/fr\/wp-json\/wp\/v2\/pages\/10\/revisions\/889"}],"wp:attachment":[{"href":"https:\/\/val-sainte-marie.eu\/fr\/wp-json\/wp\/v2\/media?parent=10"}],"curies":[{"name":"wp","href":"https:\/\/api.w.org\/{rel}","templated":true}]}}