{"id":19,"date":"2016-02-24T18:38:31","date_gmt":"2016-02-24T17:38:31","guid":{"rendered":"http:\/\/thorsten-apelt.de\/?page_id=19"},"modified":"2020-09-01T05:46:34","modified_gmt":"2020-09-01T03:46:34","slug":"der-verein","status":"publish","type":"page","link":"https:\/\/val-sainte-marie.eu\/fr\/der-verein\/","title":{"rendered":"L\u00b4association Rencontres"},"content":{"rendered":"<div data-elementor-type=\"wp-page\" data-elementor-id=\"19\" class=\"elementor elementor-19\">\n\t\t\t\t\t\t<section class=\"elementor-section elementor-top-section elementor-element elementor-element-15547646 elementor-section-boxed elementor-section-height-default elementor-section-height-default\" data-id=\"15547646\" data-element_type=\"section\" data-e-type=\"section\">\n\t\t\t\t\t\t<div class=\"elementor-container elementor-column-gap-default\">\n\t\t\t\t\t<div class=\"elementor-column elementor-col-100 elementor-top-column elementor-element elementor-element-8da7b36\" data-id=\"8da7b36\" data-element_type=\"column\" data-e-type=\"column\">\n\t\t\t<div class=\"elementor-widget-wrap elementor-element-populated\">\n\t\t\t\t\t\t<div class=\"elementor-element elementor-element-49551c6f elementor-widget elementor-widget-text-editor\" data-id=\"49551c6f\" data-element_type=\"widget\" data-e-type=\"widget\" data-widget_type=\"text-editor.default\">\n\t\t\t\t<div class=\"elementor-widget-container\">\n\t\t\t\t\t\t\t\t\t<div id=\"middle\"><div id=\"main\"><div id=\"center\"><div class=\"bodytext\"><h3>Sa cr\u00e9ation<\/h3><p>Le point d\u00b4ancre de l\u00b4association de l\u00b4association <em>Rencontres<\/em> a \u00e9t\u00e9 d\u00e8s le d\u00e9but la colonie de vacances <em>Le Val-Ste-Marie<\/em>. En 1982 l des jeunes de la ville de Viernheim (r\u00e9gion Rhin-Neckar) s\u00b4y retrouvent pour un s\u00e9jour de 3 semaines. S\u00e9duits par le cadre de la maison et de la r\u00e9gion, une vingtaine d\u00b4animateurs et participants ont l\u00b4id\u00e9e de cr\u00e9er une association dont l\u00b4objectif \u00e9tait d\u00b4organiser des rencontres franco-allemandes pour des enfants et adolescents au Val-Sainte-Marie.<\/p><p>En 1983, l\u00b4association \u00e0 but non lucratif, pour la promotion d\u00b4\u00e9changes internationaux voit le jour. S\u00b4en suivent bien d\u00b4autres s\u00e9jours internationaux au Val-Sainte-Marie avec des jeunes d\u00b4Italie, de Pologne et de Viernheim. Les membres de l\u00b4association rencontrent les propri\u00e9taires de la colonie de vacances, la congr\u00e9gation catholique <em>\u00ab\u00a0Notre Dame des Anges\u00a0\u00bb.<\/em> L\u00b4Abb\u00e9 Blanc s\u00b4occupait depuis 1949 du Val-Sainte-Marie. Des liens amicaux se nou\u00e8rent entre l\u00b4Abb\u00e9 et les membres de l\u00b4association Rencontres. Rapidement des camps pour la r\u00e9novation de la b\u00e2tisse avec la participation des Viernheimer eurent lieu chaque ann\u00e9e.<\/p><h4>\u00a0<\/h4><h3>L\u00b4achat<\/h3><p>Pour diverses raisons, la congr\u00e9gation Notre Dame des Anges fut contrainte en 1988 \u00e0 vendre le Val-Sainte-Marie. D\u00b4importants travaux de r\u00e9novations \u00e9taient n\u00e9cessaires et la plupart des membres de la congr\u00e9gation \u00e9taient trop \u00e2g\u00e9s. L\u00b4association Rencontres fut l\u00b4acqu\u00e9reur privil\u00e9gi\u00e9 par les Belfortains- Ils savaient que les jeunes Allemands avait l\u00b4intention de garder le Val-Sainte-Marie comme colonie de vacances et lieu de rencontres. D\u00b4autres candidats fran\u00e7ais voulaient transformer l\u00b4\u00e9tablissement en restaurant ou h\u00f4tel. Il fut trouv\u00e9 un accord pour que l\u00b4association puisse acqu\u00e9rir le Val-Sainte-Maire. Une petite association eut ainsi en mains les clefs et le devenir de la colonie.<\/p><h4>\u00a0<\/h4><h3>Le devenir<\/h3><p>La gestion, la location et la r\u00e9novation de la grande b\u00e2tisse incombaient d\u00e9sormais enti\u00e8rement aux membres de l\u00b4association Rencontres. Pour trouver les moyens financiers n\u00e9cessaires, le responsable organise la location d\u00b4autres lieux de vill\u00e9giature dans toute la France et m\u00eame par la suite en Angleterre et Italie. Les travaux annuels de r\u00e9novation furent \u00e9tal\u00e9s sur plusieurs semaines et prirent la dimension de grands chantiers.<\/p><p>Ainsi une grande partie du toit fut r\u00e9nov\u00e9e, des sanitaires planifi\u00e9s et construits, une cuisine industrielle install\u00e9e, des cloisons mont\u00e9es, etc\u2026Ces travaux de r\u00e9novation marquent la vie de l\u00b4association. Des chantiers regroupant jeunes polonais, italiens et allemands sont r\u00e9alis\u00e9s. En 1995 l\u00b4association re\u00e7ut un coup de revers lorsque la commission de s\u00e9curit\u00e9 fran\u00e7aise ordonna la fermeture de la colonie de vacances. Les immenses transformations exig\u00e9es pour la mise aux normes incendie concernaient murs, plafonds, portes, l\u00b4\u00e9quipement \u00e9lectrique, le syst\u00e8me d\u00b4alarme incendie, l\u00b4escalier de secours. Malgr\u00e9 le surplus de travaux et le surcro\u00eet financier, les membres de l\u00b4association ne s\u00b4avou\u00e8rent pas vaincus. En 1999 le Val-Sainte-Marie, r\u00e9nov\u00e9 mais dont le charme fut pr\u00e9serv\u00e9, fut rouvert au public par les autorit\u00e9s fran\u00e7aises. \u00ab\u00a0L\u00b4activit\u00e9 commerciale\u00a0\u00bb concernant la location des autres \u00e9tablissements fut abandonn\u00e9e en 1988. Seul le Val-Sainte-Marie restera mis en location.<\/p><h4>\u00a0<\/h4><h3>Les perspectives<\/h3><p>Il y a toujours fort \u00e0 faire au Val-Sainte-Marie et les camps annuels de r\u00e9novation resteront un \u00e9v\u00e8nement important de l\u00b4ann\u00e9e pour les membres et nombreux amis du Val. Lors d\u00b4un d\u00b4eux, au printemps 2000  s\u00b4ouvre une nouvelle page de collaboration franco-allemande. Les anciens moniteurs de Belfort, toujours attach\u00e9s dans l\u00b4\u00e2me au Val-Sainte-Marie, prennent part aux travaux de r\u00e9novation. Certains d\u00b4entre eux connaissaient le Val depuis 1950 et \u0153uvrent alors \u00e0 la r\u00e9fection de la toiture.<\/p><\/div><\/div><\/div><\/div>\t\t\t\t\t\t\t\t<\/div>\n\t\t\t\t<\/div>\n\t\t\t\t\t<\/div>\n\t\t<\/div>\n\t\t\t\t\t<\/div>\n\t\t<\/section>\n\t\t\t\t<\/div>","protected":false},"excerpt":{"rendered":"<p>Die Gr\u00fcndung Dreh- und Angelpunkt des Vereins Rencontres war von Anfang an die Ferienkolonie Val Sainte Marie. 1982 fand dort eine gro\u00dfe dreiw\u00f6chige Ferienfreizeit der Stadtjugendpflege Viernheim (im Rhein-Neckar-Dreieck) statt. Unter dem starken Eindruck der Atmosph\u00e4re des Hauses und der Gegend bildete sich bei zwei Dutzend Betreuern und Teilnehmern die Idee, einen Verein zu gr\u00fcnden. [&hellip;]<\/p>\n","protected":false},"author":1,"featured_media":0,"parent":0,"menu_order":0,"comment_status":"closed","ping_status":"closed","template":"","meta":{"site-sidebar-layout":"default","site-content-layout":"default","ast-site-content-layout":"default","site-content-style":"default","site-sidebar-style":"default","ast-global-header-display":"","ast-banner-title-visibility":"","ast-main-header-display":"","ast-hfb-above-header-display":"","ast-hfb-below-header-display":"","ast-hfb-mobile-header-display":"","site-post-title":"","ast-breadcrumbs-content":"","ast-featured-img":"","footer-sml-layout":"","ast-disable-related-posts":"","theme-transparent-header-meta":"default","adv-header-id-meta":"","stick-header-meta":"","header-above-stick-meta":"","header-main-stick-meta":"","header-below-stick-meta":"","astra-migrate-meta-layouts":"default","ast-page-background-enabled":"default","ast-page-background-meta":{"desktop":{"background-color":"","background-image":"","background-repeat":"repeat","background-position":"center center","background-size":"auto","background-attachment":"scroll","background-type":"","background-media":"","overlay-type":"","overlay-color":"","overlay-opacity":"","overlay-gradient":""},"tablet":{"background-color":"","background-image":"","background-repeat":"repeat","background-position":"center center","background-size":"auto","background-attachment":"scroll","background-type":"","background-media":"","overlay-type":"","overlay-color":"","overlay-opacity":"","overlay-gradient":""},"mobile":{"background-color":"","background-image":"","background-repeat":"repeat","background-position":"center center","background-size":"auto","background-attachment":"scroll","background-type":"","background-media":"","overlay-type":"","overlay-color":"","overlay-opacity":"","overlay-gradient":""}},"ast-content-background-meta":{"desktop":{"background-color":"var(--ast-global-color-5)","background-image":"","background-repeat":"repeat","background-position":"center center","background-size":"auto","background-attachment":"scroll","background-type":"","background-media":"","overlay-type":"","overlay-color":"","overlay-opacity":"","overlay-gradient":""},"tablet":{"background-color":"var(--ast-global-color-5)","background-image":"","background-repeat":"repeat","background-position":"center center","background-size":"auto","background-attachment":"scroll","background-type":"","background-media":"","overlay-type":"","overlay-color":"","overlay-opacity":"","overlay-gradient":""},"mobile":{"background-color":"var(--ast-global-color-5)","background-image":"","background-repeat":"repeat","background-position":"center center","background-size":"auto","background-attachment":"scroll","background-type":"","background-media":"","overlay-type":"","overlay-color":"","overlay-opacity":"","overlay-gradient":""}},"two_page_speed":[],"footnotes":""},"class_list":["post-19","page","type-page","status-publish","hentry"],"jetpack_sharing_enabled":true,"_links":{"self":[{"href":"https:\/\/val-sainte-marie.eu\/fr\/wp-json\/wp\/v2\/pages\/19","targetHints":{"allow":["GET"]}}],"collection":[{"href":"https:\/\/val-sainte-marie.eu\/fr\/wp-json\/wp\/v2\/pages"}],"about":[{"href":"https:\/\/val-sainte-marie.eu\/fr\/wp-json\/wp\/v2\/types\/page"}],"author":[{"embeddable":true,"href":"https:\/\/val-sainte-marie.eu\/fr\/wp-json\/wp\/v2\/users\/1"}],"replies":[{"embeddable":true,"href":"https:\/\/val-sainte-marie.eu\/fr\/wp-json\/wp\/v2\/comments?post=19"}],"version-history":[{"count":0,"href":"https:\/\/val-sainte-marie.eu\/fr\/wp-json\/wp\/v2\/pages\/19\/revisions"}],"wp:attachment":[{"href":"https:\/\/val-sainte-marie.eu\/fr\/wp-json\/wp\/v2\/media?parent=19"}],"curies":[{"name":"wp","href":"https:\/\/api.w.org\/{rel}","templated":true}]}}