{"id":223,"date":"2016-10-28T06:26:42","date_gmt":"2016-10-28T04:26:42","guid":{"rendered":"http:\/\/thorsten-apelt.de\/?page_id=223"},"modified":"2024-08-14T21:10:07","modified_gmt":"2024-08-14T19:10:07","slug":"kontakt","status":"publish","type":"page","link":"https:\/\/val-sainte-marie.eu\/fr\/kontakt\/","title":{"rendered":"Contact"},"content":{"rendered":"\t\t<div data-elementor-type=\"wp-page\" data-elementor-id=\"223\" class=\"elementor elementor-223\">\n\t\t\t\t\t\t<section class=\"elementor-section elementor-top-section elementor-element elementor-element-59c426e4 elementor-section-boxed elementor-section-height-default elementor-section-height-default\" data-id=\"59c426e4\" data-element_type=\"section\" data-e-type=\"section\">\n\t\t\t\t\t\t<div class=\"elementor-container elementor-column-gap-default\">\n\t\t\t\t\t<div class=\"elementor-column elementor-col-100 elementor-top-column elementor-element elementor-element-2eecc011\" data-id=\"2eecc011\" data-element_type=\"column\" data-e-type=\"column\">\n\t\t\t<div class=\"elementor-widget-wrap elementor-element-populated\">\n\t\t\t\t\t\t<div class=\"elementor-element elementor-element-764578ed elementor-widget elementor-widget-text-editor\" data-id=\"764578ed\" data-element_type=\"widget\" data-e-type=\"widget\" data-widget_type=\"text-editor.default\">\n\t\t\t\t<div class=\"elementor-widget-container\">\n\t\t\t\t\t\t\t\t\t<p>Rencontres e. V.<br>Friedrich-Ebert-Stra\u00dfe 8<br>D-68519 Viernheim<\/p>\n<p>Telefon: +49 62 04 &#8211; 93 86 02 7<\/p>\n<p>E-Mail:<a href=\"mailto:info@val-sainte-marie.de\">info@val-sainte-marie.eu<\/a><\/p>\n<p><\/p>\n<div class=\"wpforms-container wpforms-container-full\" id=\"wpforms-307\"><form id=\"wpforms-form-307\" class=\"wpforms-validate wpforms-form\" data-formid=\"307\" method=\"post\" enctype=\"multipart\/form-data\" action=\"\/fr\/wp-json\/wp\/v2\/pages\/223\" data-token=\"894e8ba9a6affa075afb13c6c6b3e335\" data-token-time=\"1777050846\"><noscript class=\"wpforms-error-noscript\">Veuillez activer JavaScript dans votre navigateur pour remplir ce formulaire.<\/noscript><div class=\"wpforms-field-container\"><div id=\"wpforms-307-field_0-container\" class=\"wpforms-field wpforms-field-name\" data-field-id=\"0\"><div class=\"wpforms-field-row wpforms-field-medium\"><div class=\"wpforms-field-row-block wpforms-first wpforms-one-half\"><input type=\"text\" id=\"wpforms-307-field_0\" class=\"wpforms-field-name-first wpforms-field-required\" name=\"wpforms[fields][0][first]\" placeholder=\"Vorname\" required><label for=\"wpforms-307-field_0\" class=\"wpforms-field-sublabel after wpforms-sublabel-hide\">Pr\u00e9nom<\/label><\/div><div class=\"wpforms-field-row-block wpforms-one-half\"><input type=\"text\" id=\"wpforms-307-field_0-last\" class=\"wpforms-field-name-last wpforms-field-required\" name=\"wpforms[fields][0][last]\" placeholder=\"Nachname\" required><label for=\"wpforms-307-field_0-last\" class=\"wpforms-field-sublabel after wpforms-sublabel-hide\">Nom<\/label><\/div><\/div><\/div><div id=\"wpforms-307-field_1-container\" class=\"wpforms-field wpforms-field-email\" data-field-id=\"1\"><label class=\"wpforms-field-label wpforms-label-hide\" for=\"wpforms-307-field_1\">E-Mail-Adresse <span class=\"wpforms-required-label\">*<\/span><\/label><input type=\"email\" id=\"wpforms-307-field_1\" class=\"wpforms-field-medium wpforms-field-required\" name=\"wpforms[fields][1]\" placeholder=\"E-Mail\" spellcheck=\"false\" required><\/div><div id=\"wpforms-307-field_4-container\" class=\"wpforms-field wpforms-field-checkbox wpforms-list-inline\" data-field-id=\"4\"><label class=\"wpforms-field-label\">Kennen Sie Val-Sainte-Marie bereits?<\/label><ul id=\"wpforms-307-field_4\"><li class=\"choice-1 depth-1\"><input type=\"checkbox\" id=\"wpforms-307-field_4_1\" name=\"wpforms[fields][4][]\" value=\"Ja\"  ><label class=\"wpforms-field-label-inline\" for=\"wpforms-307-field_4_1\">Ja<\/label><\/li><li class=\"choice-4 depth-1\"><input type=\"checkbox\" id=\"wpforms-307-field_4_4\" name=\"wpforms[fields][4][]\" value=\"Nein\"  ><label class=\"wpforms-field-label-inline\" for=\"wpforms-307-field_4_4\">Nein<\/label><\/li><\/ul><\/div><div id=\"wpforms-307-field_2-container\" class=\"wpforms-field wpforms-field-textarea\" data-field-id=\"2\"><label class=\"wpforms-field-label wpforms-label-hide\" for=\"wpforms-307-field_2\">Ihre Nachricht <span class=\"wpforms-required-label\">*<\/span><\/label><textarea id=\"wpforms-307-field_2\" class=\"wpforms-field-medium wpforms-field-required\" name=\"wpforms[fields][2]\" placeholder=\"Ihre Nachricht\" required><\/textarea><div class=\"wpforms-field-description\">Bei Anfragen bitte die ungef\u00e4hre Gruppengr\u00f6\u00dfe und den gew\u00fcnschten Zeitraum angeben. <\/div><\/div><\/div><!-- .wpforms-field-container --><div class=\"wpforms-field wpforms-field-hp\"><label for=\"wpforms-307-field-hp\" class=\"wpforms-field-label\">Name<\/label><input type=\"text\" name=\"wpforms[hp]\" id=\"wpforms-307-field-hp\" class=\"wpforms-field-medium\"><\/div><div class=\"wpforms-recaptcha-container wpforms-is-recaptcha wpforms-is-recaptcha-type-v3\" ><input type=\"hidden\" name=\"wpforms[recaptcha]\" value=\"\"><\/div><div class=\"wpforms-submit-container\" ><input type=\"hidden\" name=\"wpforms[id]\" value=\"307\"><input type=\"hidden\" name=\"page_title\" value=\"\"><input type=\"hidden\" name=\"page_url\" value=\"https:\/\/val-sainte-marie.eu\/fr\/wp-json\/wp\/v2\/pages\/223\"><input type=\"hidden\" name=\"url_referer\" value=\"\"><button type=\"submit\" name=\"wpforms[submit]\" id=\"wpforms-submit-307\" class=\"wpforms-submit\" data-alt-text=\"Sende...\" data-submit-text=\"Senden\" aria-live=\"assertive\" value=\"wpforms-submit\">Senden<\/button><\/div><\/form><\/div>  <!-- .wpforms-container -->\t\t\t\t\t\t\t\t<\/div>\n\t\t\t\t<\/div>\n\t\t\t\t\t<\/div>\n\t\t<\/div>\n\t\t\t\t\t<\/div>\n\t\t<\/section>\n\t\t\t\t<\/div>\n\t\t","protected":false},"excerpt":{"rendered":"<p>Rencontres e. V.Friedrich-Ebert-Stra\u00dfe 8D-68519 Viernheim Telefon: +49 62 04 &#8211; 93 86 02 7 E-Mail:info@val-sainte-marie.eu<\/p>","protected":false},"author":1,"featured_media":0,"parent":0,"menu_order":0,"comment_status":"closed","ping_status":"closed","template":"","meta":{"site-sidebar-layout":"default","site-content-layout":"default","ast-site-content-layout":"default","site-content-style":"default","site-sidebar-style":"default","ast-global-header-display":"","ast-banner-title-visibility":"","ast-main-header-display":"","ast-hfb-above-header-display":"","ast-hfb-below-header-display":"","ast-hfb-mobile-header-display":"","site-post-title":"","ast-breadcrumbs-content":"","ast-featured-img":"","footer-sml-layout":"","ast-disable-related-posts":"","theme-transparent-header-meta":"default","adv-header-id-meta":"","stick-header-meta":"","header-above-stick-meta":"","header-main-stick-meta":"","header-below-stick-meta":"","astra-migrate-meta-layouts":"default","ast-page-background-enabled":"default","ast-page-background-meta":{"desktop":{"background-color":"","background-image":"","background-repeat":"repeat","background-position":"center center","background-size":"auto","background-attachment":"scroll","background-type":"","background-media":"","overlay-type":"","overlay-color":"","overlay-opacity":"","overlay-gradient":""},"tablet":{"background-color":"","background-image":"","background-repeat":"repeat","background-position":"center center","background-size":"auto","background-attachment":"scroll","background-type":"","background-media":"","overlay-type":"","overlay-color":"","overlay-opacity":"","overlay-gradient":""},"mobile":{"background-color":"","background-image":"","background-repeat":"repeat","background-position":"center center","background-size":"auto","background-attachment":"scroll","background-type":"","background-media":"","overlay-type":"","overlay-color":"","overlay-opacity":"","overlay-gradient":""}},"ast-content-background-meta":{"desktop":{"background-color":"var(--ast-global-color-5)","background-image":"","background-repeat":"repeat","background-position":"center center","background-size":"auto","background-attachment":"scroll","background-type":"","background-media":"","overlay-type":"","overlay-color":"","overlay-opacity":"","overlay-gradient":""},"tablet":{"background-color":"var(--ast-global-color-5)","background-image":"","background-repeat":"repeat","background-position":"center center","background-size":"auto","background-attachment":"scroll","background-type":"","background-media":"","overlay-type":"","overlay-color":"","overlay-opacity":"","overlay-gradient":""},"mobile":{"background-color":"var(--ast-global-color-5)","background-image":"","background-repeat":"repeat","background-position":"center center","background-size":"auto","background-attachment":"scroll","background-type":"","background-media":"","overlay-type":"","overlay-color":"","overlay-opacity":"","overlay-gradient":""}},"two_page_speed":{"previous_score":{"desktop_score":76,"desktop_tti":"2.5\u00a0","mobile_score":46,"mobile_tti":"12.9\u00a0","date":"24.01.2024 06:26:25 pm","status":"completed"},"current_score":{"desktop_score":84,"desktop_tti":"2.5\u00a0","mobile_score":30,"mobile_tti":"13.9\u00a0","date":"29.09.2024 02:55:12 pm","status":"completed"}},"footnotes":""},"class_list":["post-223","page","type-page","status-publish","hentry"],"jetpack_sharing_enabled":true,"_links":{"self":[{"href":"https:\/\/val-sainte-marie.eu\/fr\/wp-json\/wp\/v2\/pages\/223","targetHints":{"allow":["GET"]}}],"collection":[{"href":"https:\/\/val-sainte-marie.eu\/fr\/wp-json\/wp\/v2\/pages"}],"about":[{"href":"https:\/\/val-sainte-marie.eu\/fr\/wp-json\/wp\/v2\/types\/page"}],"author":[{"embeddable":true,"href":"https:\/\/val-sainte-marie.eu\/fr\/wp-json\/wp\/v2\/users\/1"}],"replies":[{"embeddable":true,"href":"https:\/\/val-sainte-marie.eu\/fr\/wp-json\/wp\/v2\/comments?post=223"}],"version-history":[{"count":0,"href":"https:\/\/val-sainte-marie.eu\/fr\/wp-json\/wp\/v2\/pages\/223\/revisions"}],"wp:attachment":[{"href":"https:\/\/val-sainte-marie.eu\/fr\/wp-json\/wp\/v2\/media?parent=223"}],"curies":[{"name":"wp","href":"https:\/\/api.w.org\/{rel}","templated":true}]}}