{"id":29,"date":"2016-02-24T18:42:32","date_gmt":"2016-02-24T17:42:32","guid":{"rendered":"http:\/\/thorsten-apelt.de\/?page_id=29"},"modified":"2020-04-16T12:31:45","modified_gmt":"2020-04-16T10:31:45","slug":"ausflugsziele","status":"publish","type":"page","link":"https:\/\/val-sainte-marie.eu\/fr\/ausflugsziele\/","title":{"rendered":"Activit\u00e9s"},"content":{"rendered":"<p>Besan\u00e7on, ville universitaire est le chef-lieu de la Franche-Comt\u00e9.  Comptant 120000 habitants, appel\u00e9s les Bisontins, c\u00b4est aussi la plus grande ville de la r\u00e9gion. Situ\u00e9e sur une anse du Doubs, la ville vous convie \u00e0 fl\u00e2ner parmi les multiples commerces de la vieille ville, au march\u00e9 hebdomadaire du samedi ou encore \u00e0 s\u00b4arr\u00eater dans ses petits caf\u00e9s.\nLe plus ancien mus\u00e9e de France, le Mus\u00e9e des Beaux-arts et d\u00b4Arch\u00e9ologie y est renomm\u00e9 tout comme le mus\u00e9e du temps, qui retrace la tradition horlog\u00e8re de Besan\u00e7on. La ville est anim\u00e9e tout au long de l\u00b4ann\u00e9e par divers festivals tels que celui de musique ou cin\u00e9ma, des manifestations sportives, des foires expositions ou march\u00e9s de produits r\u00e9gionaux et d\u00b4artisanat.<\/p>\n<p>Si vous envisagez passer une journ\u00e9e \u00e0 Besan\u00e7on, ne manquez pas de vous rendre \u00e0 la Citadelle. Situ\u00e9e en surplomb de la ville, la forteresse planifi\u00e9e en 1668 fut achev\u00e9e en 1711. En 2008, \u00e0 l\u00b4occasion du 300\u00e8me anniversaire de la mort de son architecte Vauban, elle fut d\u00e9clar\u00e9e patrimoine de l\u00b4Unesco. Plusieurs mus\u00e9es dont un zoo avec un insectarium, un aquarium, un noctarium ainsi qu\u00b4un restaurant y sont \u00e0 d\u00e9couvrir.<\/p>","protected":false},"excerpt":{"rendered":"<p>Die Universit\u00e4tsstadt Besan\u00e7on ist der Verwaltungssitz der Franche-Comt\u00e9 und mit rund 120.000 Einwohnern gleichzeitig die gr\u00f6\u00dfte Stadt der Region. Einwohner der Stadt werden \u00bbBisontins\u00ab oder \u00bbBisontines\u00ab genannt. Die an einer Fluss-Schleife des Doubs gelegene Stadt l\u00e4dt mit ihren zahlreichen Gesch\u00e4ften in der Altstadt, den kleinen Caf\u00e9s und Museen zum Bummeln und Verweilen ein. \u00dcber das [&hellip;]<\/p>\n","protected":false},"author":1,"featured_media":0,"parent":0,"menu_order":0,"comment_status":"closed","ping_status":"closed","template":"","meta":{"site-sidebar-layout":"default","site-content-layout":"","ast-site-content-layout":"default","site-content-style":"default","site-sidebar-style":"default","ast-global-header-display":"","ast-banner-title-visibility":"","ast-main-header-display":"","ast-hfb-above-header-display":"","ast-hfb-below-header-display":"","ast-hfb-mobile-header-display":"","site-post-title":"","ast-breadcrumbs-content":"","ast-featured-img":"","footer-sml-layout":"","ast-disable-related-posts":"","theme-transparent-header-meta":"","adv-header-id-meta":"","stick-header-meta":"","header-above-stick-meta":"","header-main-stick-meta":"","header-below-stick-meta":"","astra-migrate-meta-layouts":"default","ast-page-background-enabled":"default","ast-page-background-meta":{"desktop":{"background-color":"","background-image":"","background-repeat":"repeat","background-position":"center center","background-size":"auto","background-attachment":"scroll","background-type":"","background-media":"","overlay-type":"","overlay-color":"","overlay-opacity":"","overlay-gradient":""},"tablet":{"background-color":"","background-image":"","background-repeat":"repeat","background-position":"center center","background-size":"auto","background-attachment":"scroll","background-type":"","background-media":"","overlay-type":"","overlay-color":"","overlay-opacity":"","overlay-gradient":""},"mobile":{"background-color":"","background-image":"","background-repeat":"repeat","background-position":"center center","background-size":"auto","background-attachment":"scroll","background-type":"","background-media":"","overlay-type":"","overlay-color":"","overlay-opacity":"","overlay-gradient":""}},"ast-content-background-meta":{"desktop":{"background-color":"var(--ast-global-color-5)","background-image":"","background-repeat":"repeat","background-position":"center center","background-size":"auto","background-attachment":"scroll","background-type":"","background-media":"","overlay-type":"","overlay-color":"","overlay-opacity":"","overlay-gradient":""},"tablet":{"background-color":"var(--ast-global-color-5)","background-image":"","background-repeat":"repeat","background-position":"center center","background-size":"auto","background-attachment":"scroll","background-type":"","background-media":"","overlay-type":"","overlay-color":"","overlay-opacity":"","overlay-gradient":""},"mobile":{"background-color":"var(--ast-global-color-5)","background-image":"","background-repeat":"repeat","background-position":"center center","background-size":"auto","background-attachment":"scroll","background-type":"","background-media":"","overlay-type":"","overlay-color":"","overlay-opacity":"","overlay-gradient":""}},"two_page_speed":[],"footnotes":""},"class_list":["post-29","page","type-page","status-publish","hentry"],"jetpack_sharing_enabled":true,"_links":{"self":[{"href":"https:\/\/val-sainte-marie.eu\/fr\/wp-json\/wp\/v2\/pages\/29","targetHints":{"allow":["GET"]}}],"collection":[{"href":"https:\/\/val-sainte-marie.eu\/fr\/wp-json\/wp\/v2\/pages"}],"about":[{"href":"https:\/\/val-sainte-marie.eu\/fr\/wp-json\/wp\/v2\/types\/page"}],"author":[{"embeddable":true,"href":"https:\/\/val-sainte-marie.eu\/fr\/wp-json\/wp\/v2\/users\/1"}],"replies":[{"embeddable":true,"href":"https:\/\/val-sainte-marie.eu\/fr\/wp-json\/wp\/v2\/comments?post=29"}],"version-history":[{"count":0,"href":"https:\/\/val-sainte-marie.eu\/fr\/wp-json\/wp\/v2\/pages\/29\/revisions"}],"wp:attachment":[{"href":"https:\/\/val-sainte-marie.eu\/fr\/wp-json\/wp\/v2\/media?parent=29"}],"curies":[{"name":"wp","href":"https:\/\/api.w.org\/{rel}","templated":true}]}}