{"id":54,"date":"2016-02-24T18:53:06","date_gmt":"2016-02-24T17:53:06","guid":{"rendered":"http:\/\/thorsten-apelt.de\/?page_id=54"},"modified":"2024-02-08T21:02:35","modified_gmt":"2024-02-08T20:02:35","slug":"impressum","status":"publish","type":"page","link":"https:\/\/val-sainte-marie.eu\/fr\/impressum\/","title":{"rendered":"Impressum"},"content":{"rendered":"<div data-elementor-type=\"wp-page\" data-elementor-id=\"54\" class=\"elementor elementor-54\">\n\t\t\t\t\t\t<section class=\"elementor-section elementor-top-section elementor-element elementor-element-7c36a73e elementor-section-boxed elementor-section-height-default elementor-section-height-default\" data-id=\"7c36a73e\" data-element_type=\"section\" data-e-type=\"section\">\n\t\t\t\t\t\t<div class=\"elementor-container elementor-column-gap-default\">\n\t\t\t\t\t<div class=\"elementor-column elementor-col-100 elementor-top-column elementor-element elementor-element-7f2ea858\" data-id=\"7f2ea858\" data-element_type=\"column\" data-e-type=\"column\">\n\t\t\t<div class=\"elementor-widget-wrap elementor-element-populated\">\n\t\t\t\t\t\t<div class=\"elementor-element elementor-element-58d39b67 elementor-widget elementor-widget-text-editor\" data-id=\"58d39b67\" data-element_type=\"widget\" data-e-type=\"widget\" data-widget_type=\"text-editor.default\">\n\t\t\t\t<div class=\"elementor-widget-container\">\n\t\t\t\t\t\t\t\t\t<h3>Impressum<\/h3>\n<p>Conform\u00e9ment \u00e0 la loi \u00a75 TMG (loi allemande sur les t\u00e9l\u00e9- m\u00e9dias):<\/p>\n<p>Rencontres e.V.<br>Friedrich-Ebert-Stra\u00dfe 8<br>D-68519 Viernheim<\/p>\n<h3>Repr\u00e9sentants:<\/h3>\n<p>Herr Thorsten Apelt<br>Herr Ulrich Krieger<\/p>\n<p>Registriert beim Amtsgericht Darmstadt<br>Registernummer VR 60473<br><\/p>\n<h3>Contact:<\/h3>\n<p>Telefon: +49 62 04 &#8211; 56 11<br>E-Mail: <a href=\"mailto:info@val-sainte-marie.de\">info@val-sainte-marie.eu<\/a><\/p>\n<h3>Exclusion de la Responsabilit\u00e9<\/h3>\n<p><strong>Responsabilit\u00e9 relative au contenu:<\/strong><\/p>\n<p>Le contenu de notre page internet fut r\u00e9alis\u00e9 avec les plus grands soins. Pour la v\u00e9racit\u00e9, int\u00e9gralit\u00e9 et pertinence du contenu nous ne pouvons cependant pas prendre de garantie.\nD\u00b4apr\u00e8s le \u00a77 alin\u00e9a 1 de la loi allemande sur les t\u00e9l\u00e9-m\u00e9dias (TMG) nous ne sommes responsables en tant que prestataire  que de notre propre  contenu sur ces pages conform\u00e9ment aux lois g\u00e9n\u00e9rales en vigueur.\nEn vertu des articles 8 \u00e0 10 de la TMG nous ne sommes toutefois pas tenus en tant que prestataire de service de contr\u00f4ler les informations tierces transmises ou enregistr\u00e9es ni de rechercher les faits indiquant une activit\u00e9 ill\u00e9gale. Ceci n\u00b4annule pas les obligations en vertu des lois g\u00e9n\u00e9rales de supprimer ou de bloquer l\u00b4utilisation de ces informations erron\u00e9es ou illicites.\nUne responsabilit\u00e9 dans ce domaine n\u00b4 est cependant possible qu\u00b4\u00e0 compter du moment o\u00f9 une violation concr\u00e8te de la loi est connue. D\u00e8s que nous aurons \u00e9t\u00e9 inform\u00e9s de telles violations, nous retirerons sans d\u00e9lai le contenu des pages de notre site.<\/p>\n<p><strong>Responsabilit\u00e9 concernant les liens<\/strong><\/p>\n<p>Notre site contient des liens vers des sites internet externes. Nous n\u00b4avons aucune influence sur leur contenu. Par cons\u00e9quent nous ne pouvons assurer aucune responsabilit\u00e9 quant au contenu de ces sites ext\u00e9rieurs. La responsabilit\u00e9 pour les sites indiqu\u00e9s par les liens rel\u00e8ve toujours du fournisseur ou g\u00e9rant. Les sites mis en liens  ont \u00e9t\u00e9 v\u00e9rifi\u00e9s quant aux \u00e9ventuelles violations de la loi lors de la cr\u00e9ation du lien. Aucun contenu illicite n\u00b4\u00e9tait  alors apparent. Un contr\u00f4le permanent de ces pages n\u00b4est cependant  pas possible sans indices concrets de violation. Au cas o\u00f9 une violation du droit serait constat\u00e9e, nous retirerons imm\u00e9diatement ces liens.<\/p>\n<p><strong>Droit d\u00b4auteur<\/strong><\/p>\n<p>Le contenu et outils fournis par le responsable de ce site sont soumis au droit d\u00b4auteur allemand.\nLa duplication, adaptation, distribution ou autre forme d\u00b4utilisation d\u00e9passant le cadre autoris\u00e9 par les droits d\u00b4auteur exigent le consentement par \u00e9crit de l\u00b4auteur ou du cr\u00e9ateur. Le t\u00e9l\u00e9chargement  et copies des pages de ce  site sont uniquement autoris\u00e9s  pour un usage priv\u00e9 et non commercial. Si les contenus propos\u00e9s sur ce site n\u00b4ont pas \u00e9t\u00e9 r\u00e9alis\u00e9s pas leur auteur, les droits d\u00b4auteur de tiers seront respect\u00e9s. Les contenus d\u00b4un tiers seront notifi\u00e9s comme tels. Si vous constatez cependant une atteinte au droit d\u00b4auteur, nous vous prions de nous informer. D\u00e8s que nous en aurons pris connaissance, nous supprimerons les contenus concern\u00e9s.<\/p>\n<p><strong>Protection des donn\u00e9es<\/strong><\/p>\n<p>Nous attirons votre attention que la transmission de donn\u00e9es sur internet (lors d\u00b4\u00e9changes par courriel) n\u00b4est pas exempte de failles de s\u00e9curit\u00e9. Une protection compl\u00e8te contre l\u00b4acc\u00e8s pas un tiers ne peut \u00eatre garantie.<\/p>\n<p>Il est express\u00e9ment interdit d\u00b4utiliser des coordonn\u00e9es de contact publi\u00e9es dans le cadre des mentions l\u00e9gales pour l\u00b4 envoi de publicit\u00e9s et renseignements non sollicit\u00e9s.<\/p>\n<p>Les exploitants du site se r\u00e9servent le droit d\u00b4engager des poursuites juridiques dans le cas d\u00b4envoi non autoris\u00e9 d\u00b4informations publicitaires, par  courriel par exemple.<\/p>\n<p><i>Sources <a href=\"http:\/\/www.e-recht24.de\/muster-disclaimer.htm\" target=\"_blank\" rel=\"noopener noreferrer\">Disclaimer eRecht24<\/a><\/i><\/p>\t\t\t\t\t\t\t\t<\/div>\n\t\t\t\t<\/div>\n\t\t\t\t\t<\/div>\n\t\t<\/div>\n\t\t\t\t\t<\/div>\n\t\t<\/section>\n\t\t\t\t<\/div>","protected":false},"excerpt":{"rendered":"<p>Impressum: Angaben gem\u00e4\u00df \u00a7 5 TMG: Rencontres e.V.Friedrich-Ebert-Stra\u00dfe 8D-68519 Viernheim Vertreten durch: Herr Thorsten ApeltHerr Ulrich Krieger Registriert beim Amtsgericht DarmstadtRegisternummer VR 60473 Kontakt: Telefon: +49 62 04 &#8211; 56 11E-Mail: info@val-sainte-marie.eu Haftungsausschluss: Haftung f\u00fcr Inhalte Die Inhalte unserer Seiten wurden mit gr\u00f6\u00dfter Sorgfalt erstellt. F\u00fcr die Richtigkeit, Vollst\u00e4ndigkeit und Aktualit\u00e4t der Inhalte k\u00f6nnen wir [&hellip;]<\/p>\n","protected":false},"author":1,"featured_media":0,"parent":0,"menu_order":0,"comment_status":"closed","ping_status":"closed","template":"","meta":{"site-sidebar-layout":"default","site-content-layout":"default","ast-site-content-layout":"default","site-content-style":"default","site-sidebar-style":"default","ast-global-header-display":"","ast-banner-title-visibility":"","ast-main-header-display":"","ast-hfb-above-header-display":"","ast-hfb-below-header-display":"","ast-hfb-mobile-header-display":"","site-post-title":"","ast-breadcrumbs-content":"","ast-featured-img":"","footer-sml-layout":"","ast-disable-related-posts":"","theme-transparent-header-meta":"default","adv-header-id-meta":"","stick-header-meta":"","header-above-stick-meta":"","header-main-stick-meta":"","header-below-stick-meta":"","astra-migrate-meta-layouts":"default","ast-page-background-enabled":"default","ast-page-background-meta":{"desktop":{"background-color":"","background-image":"","background-repeat":"repeat","background-position":"center center","background-size":"auto","background-attachment":"scroll","background-type":"","background-media":"","overlay-type":"","overlay-color":"","overlay-opacity":"","overlay-gradient":""},"tablet":{"background-color":"","background-image":"","background-repeat":"repeat","background-position":"center center","background-size":"auto","background-attachment":"scroll","background-type":"","background-media":"","overlay-type":"","overlay-color":"","overlay-opacity":"","overlay-gradient":""},"mobile":{"background-color":"","background-image":"","background-repeat":"repeat","background-position":"center center","background-size":"auto","background-attachment":"scroll","background-type":"","background-media":"","overlay-type":"","overlay-color":"","overlay-opacity":"","overlay-gradient":""}},"ast-content-background-meta":{"desktop":{"background-color":"var(--ast-global-color-5)","background-image":"","background-repeat":"repeat","background-position":"center center","background-size":"auto","background-attachment":"scroll","background-type":"","background-media":"","overlay-type":"","overlay-color":"","overlay-opacity":"","overlay-gradient":""},"tablet":{"background-color":"var(--ast-global-color-5)","background-image":"","background-repeat":"repeat","background-position":"center center","background-size":"auto","background-attachment":"scroll","background-type":"","background-media":"","overlay-type":"","overlay-color":"","overlay-opacity":"","overlay-gradient":""},"mobile":{"background-color":"var(--ast-global-color-5)","background-image":"","background-repeat":"repeat","background-position":"center center","background-size":"auto","background-attachment":"scroll","background-type":"","background-media":"","overlay-type":"","overlay-color":"","overlay-opacity":"","overlay-gradient":""}},"two_page_speed":[],"footnotes":""},"class_list":["post-54","page","type-page","status-publish","hentry"],"jetpack_sharing_enabled":true,"_links":{"self":[{"href":"https:\/\/val-sainte-marie.eu\/fr\/wp-json\/wp\/v2\/pages\/54","targetHints":{"allow":["GET"]}}],"collection":[{"href":"https:\/\/val-sainte-marie.eu\/fr\/wp-json\/wp\/v2\/pages"}],"about":[{"href":"https:\/\/val-sainte-marie.eu\/fr\/wp-json\/wp\/v2\/types\/page"}],"author":[{"embeddable":true,"href":"https:\/\/val-sainte-marie.eu\/fr\/wp-json\/wp\/v2\/users\/1"}],"replies":[{"embeddable":true,"href":"https:\/\/val-sainte-marie.eu\/fr\/wp-json\/wp\/v2\/comments?post=54"}],"version-history":[{"count":0,"href":"https:\/\/val-sainte-marie.eu\/fr\/wp-json\/wp\/v2\/pages\/54\/revisions"}],"wp:attachment":[{"href":"https:\/\/val-sainte-marie.eu\/fr\/wp-json\/wp\/v2\/media?parent=54"}],"curies":[{"name":"wp","href":"https:\/\/api.w.org\/{rel}","templated":true}]}}