{"id":56,"date":"2016-02-24T18:52:55","date_gmt":"2016-02-24T17:52:55","guid":{"rendered":"http:\/\/thorsten-apelt.de\/?page_id=56"},"modified":"2026-02-07T15:22:07","modified_gmt":"2026-02-07T14:22:07","slug":"buchen","status":"publish","type":"page","link":"https:\/\/val-sainte-marie.eu\/fr\/buchen\/","title":{"rendered":"R\u00e9servation et prix"},"content":{"rendered":"<div data-elementor-type=\"wp-page\" data-elementor-id=\"56\" class=\"elementor elementor-56\">\n\t\t\t\t\t\t<section class=\"elementor-section elementor-top-section elementor-element elementor-element-2a20ca8c elementor-section-boxed elementor-section-height-default elementor-section-height-default\" data-id=\"2a20ca8c\" data-element_type=\"section\" data-e-type=\"section\">\n\t\t\t\t\t\t<div class=\"elementor-container elementor-column-gap-default\">\n\t\t\t\t\t<div class=\"elementor-column elementor-col-100 elementor-top-column elementor-element elementor-element-3423764d\" data-id=\"3423764d\" data-element_type=\"column\" data-e-type=\"column\">\n\t\t\t<div class=\"elementor-widget-wrap elementor-element-populated\">\n\t\t\t\t\t\t<div class=\"elementor-element elementor-element-10dbc774 elementor-widget elementor-widget-text-editor\" data-id=\"10dbc774\" data-element_type=\"widget\" data-e-type=\"widget\" data-widget_type=\"text-editor.default\">\n\t\t\t\t<div class=\"elementor-widget-container\">\n\t\t\t\t\t\t\t\t\t<p>Envoyez nous svp votre demande par mail  \u00e0: <a href=\"mailto:info@val-sainte-marie.eu\">info@val-sainte-marie.eu<\/a><br><span style=\"font-size: 16px; color: var( --e-global-color-text ); font-family: var( --e-global-typography-text-font-family ), Sans-serif; background-color: var(--ast-global-color-5);\"><br>oder rufen Sie uns unter +49 (0) 62 04 &#8211; 56 11 an. (Bitte auf die Mailbox sprechen.)<br><\/span><span style=\"font-size: 16px; color: var( --e-global-color-text ); font-family: var( --e-global-typography-text-font-family ), Sans-serif; background-color: var(--ast-global-color-5);\"><br>Calendrier avec les r\u00e9servations actuelles<\/span><\/p>\n<p><iframe src=\"https:\/\/calendar.google.com\/calendar\/embed?height=600&#038;wkst=2&#038;ctz=Europe%2FBerlin&#038;showTitle=0&#038;showTz=0&#038;src=dmFsc3RlbWFyaWVAZ21haWwuY29t&#038;src=ZGUuZ2VybWFuI2hvbGlkYXlAZ3JvdXAudi5jYWxlbmRhci5nb29nbGUuY29t&#038;src=ZGUuZnJlbmNoI2hvbGlkYXlAZ3JvdXAudi5jYWxlbmRhci5nb29nbGUuY29t&#038;color=%23A79B8E&#038;color=%23F6BF26&#038;color=%23B39DDB\" style=\"border-width:0\" width=\"800\" height=\"600\" frameborder=\"0\" scrolling=\"no\"><\/iframe>\n\n<\/p>\n<h5>Adresse<\/h5>\n<p>Colonie de Vacances<br>Val-Sainte-Marie<br>La Trappe<br>F-25330 Malans<\/p>\n\n<p><strong>Informations concernant les prix\u00a0:<\/strong><\/p>\n<p><strong>Haute-saison<\/strong> (mai \u00e0 septembre) Minimum 30 personnes:<br>\u00dcbernachtung 12 \u20ac pro Person&nbsp;und Tag<br>+ charges selon consommation (gaz, eau, \u00e9lectricit\u00e9, ordures m\u00e9nag\u00e8res)<br>und Kurtaxe 0,75 \u20ac pro Person&nbsp;und Tag (Personen ab 13 Jahre)<\/p>\n<p><strong>Basse-saison<\/strong> nombre minimum de participants\u00a0 20 personnes:<br>\u00dcbernachtung 11,50 \u20ac pro Person&nbsp;und Tag<br>+ charges selon consommation (gaz, eau, \u00e9lectricit\u00e9, ordures m\u00e9nag\u00e8res)<br>Taxe de s\u00e9jour\u00a0: 0,75 \u20ac\/ pers. \u00e0 partir de 13 ans<\/p>\n<h6><b>Disponibilit\u00e9s:&nbsp;<\/b>La maison est libre \u00e0 partir de la deuxi\u00e8me semaine de P\u00e2ques jusqu'\u00e0 fin octobre.<\/h6>\t\t\t\t\t\t\t\t<\/div>\n\t\t\t\t<\/div>\n\t\t\t\t<div class=\"elementor-element elementor-element-14fa048 elementor-widget__width-auto elementor-view-default elementor-widget elementor-widget-icon\" data-id=\"14fa048\" data-element_type=\"widget\" data-e-type=\"widget\" data-widget_type=\"icon.default\">\n\t\t\t\t<div class=\"elementor-widget-container\">\n\t\t\t\t\t\t\t<div class=\"elementor-icon-wrapper\">\n\t\t\t<a class=\"elementor-icon\" href=\"https:\/\/www.facebook.com\/groups\/120928374601886\/\">\n\t\t\t<i aria-hidden=\"true\" class=\"fab fa-facebook\"><\/i>\t\t\t<\/a>\n\t\t<\/div>\n\t\t\t\t\t\t<\/div>\n\t\t\t\t<\/div>\n\t\t\t\t<div class=\"elementor-element elementor-element-1e65ed9 elementor-widget__width-auto elementor-view-default elementor-widget elementor-widget-icon\" data-id=\"1e65ed9\" data-element_type=\"widget\" data-e-type=\"widget\" data-widget_type=\"icon.default\">\n\t\t\t\t<div class=\"elementor-widget-container\">\n\t\t\t\t\t\t\t<div class=\"elementor-icon-wrapper\">\n\t\t\t<a class=\"elementor-icon\" href=\"https:\/\/www.instagram.com\/val.sainte.marie\/\">\n\t\t\t<i aria-hidden=\"true\" class=\"fab fa-instagram\"><\/i>\t\t\t<\/a>\n\t\t<\/div>\n\t\t\t\t\t\t<\/div>\n\t\t\t\t<\/div>\n\t\t\t\t\t<\/div>\n\t\t<\/div>\n\t\t\t\t\t<\/div>\n\t\t<\/section>\n\t\t\t\t<\/div>","protected":false},"excerpt":{"rendered":"<p>Bitte schicken Sie uns Ihren Buchungswunsch per Mail an: info@val-sainte-marie.eu oder rufen Sie uns unter +49 (0) 62 04 &#8211; 56 11 an. (Bitte auf die Mailbox sprechen.) Hier im Kalender sehen Sie die aktuelle Belegung Adresse Colonie de VacancesVal-Sainte-MarieLa TrappeF-25330 Malans Informationen zu den Preisen: Hauptsaison (Sommerferien von Hessen, Baden-W\u00fcrttemberg, Rheinland Pfalz) Mindestbelegung 30 [&hellip;]<\/p>\n","protected":false},"author":1,"featured_media":0,"parent":0,"menu_order":0,"comment_status":"closed","ping_status":"closed","template":"","meta":{"site-sidebar-layout":"default","site-content-layout":"default","ast-site-content-layout":"default","site-content-style":"default","site-sidebar-style":"default","ast-global-header-display":"","ast-banner-title-visibility":"","ast-main-header-display":"","ast-hfb-above-header-display":"","ast-hfb-below-header-display":"","ast-hfb-mobile-header-display":"","site-post-title":"","ast-breadcrumbs-content":"","ast-featured-img":"","footer-sml-layout":"","ast-disable-related-posts":"","theme-transparent-header-meta":"default","adv-header-id-meta":"","stick-header-meta":"","header-above-stick-meta":"","header-main-stick-meta":"","header-below-stick-meta":"","astra-migrate-meta-layouts":"set","ast-page-background-enabled":"default","ast-page-background-meta":{"desktop":{"background-color":"","background-image":"","background-repeat":"repeat","background-position":"center center","background-size":"auto","background-attachment":"scroll","background-type":"","background-media":"","overlay-type":"","overlay-color":"","overlay-opacity":"","overlay-gradient":""},"tablet":{"background-color":"","background-image":"","background-repeat":"repeat","background-position":"center center","background-size":"auto","background-attachment":"scroll","background-type":"","background-media":"","overlay-type":"","overlay-color":"","overlay-opacity":"","overlay-gradient":""},"mobile":{"background-color":"","background-image":"","background-repeat":"repeat","background-position":"center center","background-size":"auto","background-attachment":"scroll","background-type":"","background-media":"","overlay-type":"","overlay-color":"","overlay-opacity":"","overlay-gradient":""}},"ast-content-background-meta":{"desktop":{"background-color":"var(--ast-global-color-5)","background-image":"","background-repeat":"repeat","background-position":"center center","background-size":"auto","background-attachment":"scroll","background-type":"","background-media":"","overlay-type":"","overlay-color":"","overlay-opacity":"","overlay-gradient":""},"tablet":{"background-color":"var(--ast-global-color-5)","background-image":"","background-repeat":"repeat","background-position":"center center","background-size":"auto","background-attachment":"scroll","background-type":"","background-media":"","overlay-type":"","overlay-color":"","overlay-opacity":"","overlay-gradient":""},"mobile":{"background-color":"var(--ast-global-color-5)","background-image":"","background-repeat":"repeat","background-position":"center center","background-size":"auto","background-attachment":"scroll","background-type":"","background-media":"","overlay-type":"","overlay-color":"","overlay-opacity":"","overlay-gradient":""}},"two_page_speed":[],"footnotes":""},"class_list":["post-56","page","type-page","status-publish","hentry"],"jetpack_sharing_enabled":true,"_links":{"self":[{"href":"https:\/\/val-sainte-marie.eu\/fr\/wp-json\/wp\/v2\/pages\/56","targetHints":{"allow":["GET"]}}],"collection":[{"href":"https:\/\/val-sainte-marie.eu\/fr\/wp-json\/wp\/v2\/pages"}],"about":[{"href":"https:\/\/val-sainte-marie.eu\/fr\/wp-json\/wp\/v2\/types\/page"}],"author":[{"embeddable":true,"href":"https:\/\/val-sainte-marie.eu\/fr\/wp-json\/wp\/v2\/users\/1"}],"replies":[{"embeddable":true,"href":"https:\/\/val-sainte-marie.eu\/fr\/wp-json\/wp\/v2\/comments?post=56"}],"version-history":[{"count":9,"href":"https:\/\/val-sainte-marie.eu\/fr\/wp-json\/wp\/v2\/pages\/56\/revisions"}],"predecessor-version":[{"id":941,"href":"https:\/\/val-sainte-marie.eu\/fr\/wp-json\/wp\/v2\/pages\/56\/revisions\/941"}],"wp:attachment":[{"href":"https:\/\/val-sainte-marie.eu\/fr\/wp-json\/wp\/v2\/media?parent=56"}],"curies":[{"name":"wp","href":"https:\/\/api.w.org\/{rel}","templated":true}]}}